{"id":9,"date":"2017-02-23T15:20:28","date_gmt":"2017-02-23T14:20:28","guid":{"rendered":"http:\/\/schwimmendesuiten.de\/?page_id=9"},"modified":"2020-06-12T16:08:22","modified_gmt":"2020-06-12T14:08:22","slug":"unsere-suiten","status":"publish","type":"page","link":"https:\/\/schwimmendesuiten.de\/?page_id=9","title":{"rendered":"UNSERE SUITEN"},"content":{"rendered":"<p><section   class=\"fw-main-row-custom fw-main-row-top fw-section-no-padding fw-content-overlay-custom auto  fw-section-position-back tf-sh-0427b7c6c59618cbd33a2e564bb5cafc\"  style=\"margin-bottom:-60px;\"  >\n\t\t\t<div class=\"fw-container-fluid\" >\n\t\t<div class=\"fw-row\">\n\t<div id=\"column-69da41936758c\" class=\"fw-col-sm-12 tf-sh-18b8432e0468f1415a3ae419b7822d33 main-slider fw-col-no-padding\" >\n\t<div class=\"fw-wrap-col-inner clearfix  \"   >\n\t\t\t\t<div class=\"fw-col-inner\">\n\t\t\t\t<div class=\"fw-wrap-fade-slider tf-sh-4ed02de0468f5b599b37b07b609411c1 tf-sh-4ed02de0468f5b599b37b07b609411c1824\">\n\t\t<!-- Loading Spinner -->\n\t\t<div class=\"spinner\">\n\t\t\t<div class=\"wBall\" id=\"wBall_1\">\n\t\t\t\t<div class=\"wInnerBall\">\n\t\t\t\t<\/div>\n\t\t\t<\/div>\n\t\t\t<div class=\"wBall\" id=\"wBall_2\">\n\t\t\t\t<div class=\"wInnerBall\">\n\t\t\t\t<\/div>\n\t\t\t<\/div>\n\t\t\t<div class=\"wBall\" id=\"wBall_3\">\n\t\t\t\t<div class=\"wInnerBall\">\n\t\t\t\t<\/div>\n\t\t\t<\/div>\n\t\t\t<div class=\"wBall\" id=\"wBall_4\">\n\t\t\t\t<div class=\"wInnerBall\">\n\t\t\t\t<\/div>\n\t\t\t<\/div>\n\t\t\t<div class=\"wBall\" id=\"wBall_5\">\n\t\t\t\t<div class=\"wInnerBall\">\n\t\t\t\t<\/div>\n\t\t\t<\/div>\n\t\t<\/div>\n\t\t<!--\/ Loading Spinner -->\n\n\t\t<div class=\"fw-fade-slider main-carousel fade-effect invisible default tf-sh-4ed02de0468f5b599b37b07b609411c1824\">\n\t\t\t<div id=\"tf-sh-4ed02de0468f5b599b37b07b609411c1824\" class=\"myCarousel carousel slide\" data-slides-interval=\"8500\">\n\t\t\t\t<div class=\"carousel-inner\">\n\t\t\t\t\t\t\t\t\t\t\t\t\t\t\t\t\t<div class=\"item lazyload active fw-fade-slider-content-align-center\"  style=\"background-image: url(data:image\/gif;base64,R0lGODlhAQABAAAAACH5BAEKAAEALAAAAAABAAEAAAICTAEAOw==);\" data-bgset=\"https:\/\/schwimmendesuiten.de\/wp-content\/uploads\/2018\/03\/naturhafen-schwimmende-suiten-002-1-300x200.jpg 300w, https:\/\/schwimmendesuiten.de\/wp-content\/uploads\/2018\/03\/naturhafen-schwimmende-suiten-002-1-768x512.jpg 768w, https:\/\/schwimmendesuiten.de\/wp-content\/uploads\/2018\/03\/naturhafen-schwimmende-suiten-002-1-1024x683.jpg 1024w, https:\/\/schwimmendesuiten.de\/wp-content\/uploads\/2018\/03\/naturhafen-schwimmende-suiten-002-1-600x400.jpg 600w, https:\/\/schwimmendesuiten.de\/wp-content\/uploads\/2018\/03\/naturhafen-schwimmende-suiten-002-1-1200x800.jpg 1200w, https:\/\/schwimmendesuiten.de\/wp-content\/uploads\/2018\/03\/naturhafen-schwimmende-suiten-002-1.jpg 5000w\" >\n\t\t\t\t\t\t\t\t\t\t\t\t\t\t<div class=\"fw-container\">\n\t\t\t\t\t\t\t\t<div class=\"fw-itable\">\n\t\t\t\t\t\t\t\t\t<div class=\"fw-icell\">\n\t\t\t\t\t\t\t\t\t\t<div class=\"fw-fade-slide-text-wrap\">\n\t\t\t\t\t\t\t\t\t\t\t\t\t\t\t\t\t\t\t\t\t\t\t<div data-animate-in=\"fadeInDown\" data-animate-out=\"fadeOutUp\" class=\"invisible\">\n\t\t\t\t\t\t\t\t\t\t\t\t\t<div class=\"fw-fade-slider-title\"><span>Die gro\u00dfe Freiheit<\/span><\/div>\n\t\t\t\t\t\t\t\t\t\t\t\t<\/div>\n\t\t\t\t\t\t\t\t\t\t\t\t\t\t\t\t\t\t\t\t\t\t\t\t\t\t\t\t\t\t\t\t\t\t<div data-animate-in=\"fadeInUp\" data-animate-out=\"fadeOutDown\" class=\"invisible\">\n\t\t\t\t\t\t\t\t\t\t\t\t\t<div class=\"fw-fade-slider-title-after\"><span>\u00dcbernachtungserlebnis auf dem Wasser<\/span><\/div>\n\t\t\t\t\t\t\t\t\t\t\t\t<\/div>\n\t\t\t\t\t\t\t\t\t\t\t\t\t\t\t\t\t\t\t\t\t\t\t\t\t\t\t\t\t\t\t\t\t\t\t\t\t\t\t\t\t\t\t\t\t\t\t\t\t\t\t\t\t\t\t\t\t\t\t\t<div data-animate-in=\"fadeInUp\" data-animate-out=\"fadeOutDown\" class=\"invisible\">\n\t\t\t\t\t\t\t\t\t\t\t\t\t\t<a href=\"#first\" class=\"fw-btn fw-btn-md anchor fw-btn-4\" style=\"\">\n\t\t\t\t\t\t\t\t\t\t\t\t\t\t\t<span>\n\t\t\t\t\t\t\t\t\t\t\t\t\t\t\t\t\t\t\t\t\t\t\t\t\t\t\t\t\t\t\t\t\t<img decoding=\"async\" class=\"pull-left-icon\" src=\"\/\/schwimmendesuiten.de\/wp-content\/uploads\/2017\/02\/arrow-down-sldr.png\" style=\"width:19px;\" alt=\"\" \/>\u00a0\t\t\t\t\t\t\t\t\t\t\t\t\t\t\t\t\t\t\t\t\t\t\t\t\t\t\t\t\t\t\t<\/span>\n\t\t\t\t\t\t\t\t\t\t\t\t\t\t<\/a>\n\t\t\t\t\t\t\t\t\t\t\t\t\t<\/div>\n\t\t\t\t\t\t\t\t\t\t\t\t\t\t\t\t\t\t\t\t\t\t\t\t\t\t\t\t\t\t\t\t\t<\/div>\n\t\t\t\t\t\t\t\t\t<\/div>\n\t\t\t\t\t\t\t\t<\/div>\n\t\t\t\t\t\t\t<\/div>\n\t\t\t\t\t\t<\/div>\n\t\t\t\t\t\t\t\t\t\t\t\t\t\t\t\t\t\t\t\t\t\t\t\t\t\t\t\t\t<div class=\"item lazyload  fw-fade-slider-content-align-center\"  style=\"background-image: url(data:image\/gif;base64,R0lGODlhAQABAAAAACH5BAEKAAEALAAAAAABAAEAAAICTAEAOw==);\" data-bgset=\"https:\/\/schwimmendesuiten.de\/wp-content\/uploads\/2018\/03\/naturhafen-schwimmende-suiten-013-1-300x200.jpg 300w, https:\/\/schwimmendesuiten.de\/wp-content\/uploads\/2018\/03\/naturhafen-schwimmende-suiten-013-1-768x512.jpg 768w, https:\/\/schwimmendesuiten.de\/wp-content\/uploads\/2018\/03\/naturhafen-schwimmende-suiten-013-1-1024x683.jpg 1024w, https:\/\/schwimmendesuiten.de\/wp-content\/uploads\/2018\/03\/naturhafen-schwimmende-suiten-013-1-600x400.jpg 600w, https:\/\/schwimmendesuiten.de\/wp-content\/uploads\/2018\/03\/naturhafen-schwimmende-suiten-013-1-1200x800.jpg 1200w, https:\/\/schwimmendesuiten.de\/wp-content\/uploads\/2018\/03\/naturhafen-schwimmende-suiten-013-1.jpg 5000w\" >\n\t\t\t\t\t\t\t\t\t\t\t\t\t\t<div class=\"fw-container\">\n\t\t\t\t\t\t\t\t<div class=\"fw-itable\">\n\t\t\t\t\t\t\t\t\t<div class=\"fw-icell\">\n\t\t\t\t\t\t\t\t\t\t<div class=\"fw-fade-slide-text-wrap\">\n\t\t\t\t\t\t\t\t\t\t\t\t\t\t\t\t\t\t\t\t\t\t\t<div data-animate-in=\"fadeInDown\" data-animate-out=\"fadeOutUp\" class=\"invisible\">\n\t\t\t\t\t\t\t\t\t\t\t\t\t<div class=\"fw-fade-slider-title\"><span>Einzigartiges Naturerlebnis<\/span><\/div>\n\t\t\t\t\t\t\t\t\t\t\t\t<\/div>\n\t\t\t\t\t\t\t\t\t\t\t\t\t\t\t\t\t\t\t\t\t\t\t\t\t\t\t\t\t\t\t\t\t\t\t\t\t\t\t\t\t\t\t\t\t\t\t\t\t\t\t\t\t\t\t\t\t\t\t\t\t\t\t\t\t\t\t\t\t\t\t<div data-animate-in=\"fadeInUp\" data-animate-out=\"fadeOutDown\" class=\"invisible\">\n\t\t\t\t\t\t\t\t\t\t\t\t\t\t<a href=\"#first\" class=\"fw-btn fw-btn-md anchor anchor fw-btn-4\" style=\"\">\n\t\t\t\t\t\t\t\t\t\t\t\t\t\t\t<span>\n\t\t\t\t\t\t\t\t\t\t\t\t\t\t\t\t\t\t\t\t\t\t\t\t\t\t\t\t\t\t\t\t\t<img decoding=\"async\" class=\"pull-left-icon\" src=\"\/\/schwimmendesuiten.de\/wp-content\/uploads\/2017\/02\/arrow-down-sldr.png\" style=\"width:19px;\" alt=\"\" \/>\u00a0\t\t\t\t\t\t\t\t\t\t\t\t\t\t\t\t\t\t\t\t\t\t\t\t\t\t\t\t\t\t\t<\/span>\n\t\t\t\t\t\t\t\t\t\t\t\t\t\t<\/a>\n\t\t\t\t\t\t\t\t\t\t\t\t\t<\/div>\n\t\t\t\t\t\t\t\t\t\t\t\t\t\t\t\t\t\t\t\t\t\t\t\t\t\t\t\t\t\t\t\t\t<\/div>\n\t\t\t\t\t\t\t\t\t<\/div>\n\t\t\t\t\t\t\t\t<\/div>\n\t\t\t\t\t\t\t<\/div>\n\t\t\t\t\t\t<\/div>\n\t\t\t\t\t\t\t\t\t\t\t\t\t\t\t\t\t\t\t\t\t\t\t\t\t\t\t\t\t<div class=\"item lazyload  fw-fade-slider-content-align-center\"  style=\"background-image: url(data:image\/gif;base64,R0lGODlhAQABAAAAACH5BAEKAAEALAAAAAABAAEAAAICTAEAOw==);\" data-bgset=\"https:\/\/schwimmendesuiten.de\/wp-content\/uploads\/2018\/03\/naturhafen-schwimmende-suiten-062-1-300x200.jpg 300w, https:\/\/schwimmendesuiten.de\/wp-content\/uploads\/2018\/03\/naturhafen-schwimmende-suiten-062-1-768x512.jpg 768w, https:\/\/schwimmendesuiten.de\/wp-content\/uploads\/2018\/03\/naturhafen-schwimmende-suiten-062-1-1024x683.jpg 1024w, https:\/\/schwimmendesuiten.de\/wp-content\/uploads\/2018\/03\/naturhafen-schwimmende-suiten-062-1-600x400.jpg 600w, https:\/\/schwimmendesuiten.de\/wp-content\/uploads\/2018\/03\/naturhafen-schwimmende-suiten-062-1-1200x800.jpg 1200w, https:\/\/schwimmendesuiten.de\/wp-content\/uploads\/2018\/03\/naturhafen-schwimmende-suiten-062-1.jpg 5000w\" >\n\t\t\t\t\t\t\t\t\t\t\t\t\t\t<div class=\"fw-container\">\n\t\t\t\t\t\t\t\t<div class=\"fw-itable\">\n\t\t\t\t\t\t\t\t\t<div class=\"fw-icell\">\n\t\t\t\t\t\t\t\t\t\t<div class=\"fw-fade-slide-text-wrap\">\n\t\t\t\t\t\t\t\t\t\t\t\t\t\t\t\t\t\t\t\t\t\t\t\t\t\t\t\t\t\t\t\t\t\t\t\t\t\t\t\t\t\t\t\t\t\t\t\t\t\t\t\t\t\t\t\t\t\t\t\t\t\t\t\t\t\t\t\t\t\t\t<div data-animate-in=\"fadeInUp\" data-animate-out=\"fadeOutDown\" class=\"invisible\">\n\t\t\t\t\t\t\t\t\t\t\t\t\t\t<a href=\"#first\" class=\"fw-btn fw-btn-md anchor anchor anchor fw-btn-4\" style=\"\">\n\t\t\t\t\t\t\t\t\t\t\t\t\t\t\t<span>\n\t\t\t\t\t\t\t\t\t\t\t\t\t\t\t\t\t\t\t\t\t\t\t\t\t\t\t\t\t\t\t\t\t<img decoding=\"async\" class=\"pull-left-icon\" src=\"\/\/schwimmendesuiten.de\/wp-content\/uploads\/2017\/02\/arrow-down-sldr.png\" style=\"width:19px;\" alt=\"\" \/>\u00a0\t\t\t\t\t\t\t\t\t\t\t\t\t\t\t\t\t\t\t\t\t\t\t\t\t\t\t\t\t\t\t<\/span>\n\t\t\t\t\t\t\t\t\t\t\t\t\t\t<\/a>\n\t\t\t\t\t\t\t\t\t\t\t\t\t<\/div>\n\t\t\t\t\t\t\t\t\t\t\t\t\t\t\t\t\t\t\t\t\t\t\t\t\t\t\t\t\t\t\t\t\t<\/div>\n\t\t\t\t\t\t\t\t\t<\/div>\n\t\t\t\t\t\t\t\t<\/div>\n\t\t\t\t\t\t\t<\/div>\n\t\t\t\t\t\t<\/div>\n\t\t\t\t\t\t\t\t\t\t\t\t\t\t\t\t\t\t\t\t\t\t\t\t\t\t\t\t\t<div class=\"item lazyload  fw-fade-slider-content-align-center\"  style=\"background-image: url(data:image\/gif;base64,R0lGODlhAQABAAAAACH5BAEKAAEALAAAAAABAAEAAAICTAEAOw==);\" data-bgset=\"https:\/\/schwimmendesuiten.de\/wp-content\/uploads\/2018\/03\/naturhafen-schwimmende-suiten-070-1-300x200.jpg 300w, https:\/\/schwimmendesuiten.de\/wp-content\/uploads\/2018\/03\/naturhafen-schwimmende-suiten-070-1-768x512.jpg 768w, https:\/\/schwimmendesuiten.de\/wp-content\/uploads\/2018\/03\/naturhafen-schwimmende-suiten-070-1-1024x683.jpg 1024w, https:\/\/schwimmendesuiten.de\/wp-content\/uploads\/2018\/03\/naturhafen-schwimmende-suiten-070-1-600x400.jpg 600w, https:\/\/schwimmendesuiten.de\/wp-content\/uploads\/2018\/03\/naturhafen-schwimmende-suiten-070-1-1200x800.jpg 1200w, https:\/\/schwimmendesuiten.de\/wp-content\/uploads\/2018\/03\/naturhafen-schwimmende-suiten-070-1.jpg 5000w\" >\n\t\t\t\t\t\t\t\t\t\t\t\t\t\t<div class=\"fw-container\">\n\t\t\t\t\t\t\t\t<div class=\"fw-itable\">\n\t\t\t\t\t\t\t\t\t<div class=\"fw-icell\">\n\t\t\t\t\t\t\t\t\t\t<div class=\"fw-fade-slide-text-wrap\">\n\t\t\t\t\t\t\t\t\t\t\t\t\t\t\t\t\t\t\t\t\t\t\t\t\t\t\t\t\t\t\t\t\t\t\t\t\t\t\t\t\t\t\t\t\t\t\t\t\t\t\t\t\t\t\t\t\t\t\t\t\t\t\t\t\t\t<\/div>\n\t\t\t\t\t\t\t\t\t<\/div>\n\t\t\t\t\t\t\t\t<\/div>\n\t\t\t\t\t\t\t<\/div>\n\t\t\t\t\t\t<\/div>\n\t\t\t\t\t\t\t\t\t\t\t\t\t\t\t\t\t\t\t\t\t<\/div>\n\t\t\t\t<!--Slider Navigation-->\n\t\t\t\t<!-- Carousel indicators -->\n\t\t\t\t<ol class=\"carousel-indicators\">\n\t\t\t\t\t<li data-target=\"#tf-sh-4ed02de0468f5b599b37b07b609411c1824\" data-slide-to=\"0\" class=\"active fw-fade-slider-content-align-center\"><\/li>\n<li data-target=\"#tf-sh-4ed02de0468f5b599b37b07b609411c1824\" data-slide-to=\"1\" class=\" fw-fade-slider-content-align-center\"><\/li>\n<li data-target=\"#tf-sh-4ed02de0468f5b599b37b07b609411c1824\" data-slide-to=\"2\" class=\" fw-fade-slider-content-align-center\"><\/li>\n<li data-target=\"#tf-sh-4ed02de0468f5b599b37b07b609411c1824\" data-slide-to=\"3\" class=\" fw-fade-slider-content-align-center\"><\/li>\n\t\t\t\t<\/ol>\n\t\t\t\t<div class=\"fw-first-slider-image\" data-image=\"\/\/schwimmendesuiten.de\/wp-content\/uploads\/2018\/03\/naturhafen-schwimmende-suiten-002-1.jpg\"><\/div>\n\t\t\t<\/div>\n\t\t<\/div>\n\t<\/div>\n\t\t<\/div>\n\t<\/div>\n<\/div><\/div>\n\n\t<\/div>\n\t<\/section><section  id=\"first\" class=\"fw-main-row-custom fw-section-no-padding  auto  fw-section-position-back tf-sh-184eab464b098f0a53243c5af4e89bfb\"    >\n\t\t\t<div class=\"fw-container\" >\n\t\t<div class=\"fw-row\">\n\t<div id=\"column-69da41936909e\" class=\"fw-col-sm-12 fw-mobile-hide-element tf-sh-bfa56ba22e287f1c9dde82eee3805e41\" >\n\t<div class=\"fw-wrap-col-inner clearfix  \"   >\n\t\t\t\t<div class=\"fw-col-inner\">\n\t\t\t<div class=\"fw-divider-space  fw-custom-space  clearfix\" style=\"height:100px;\" ><\/div><div class=\"fw-text-box tf-sh-a9bf2aa32933aaf154ef292141e30c07 \" >\n\t<div class=\"fw-text-inner\">\n\t\t<p><strong>Belegung &amp; Preise:<\/strong><\/p>\n<p>Belegung: 2 Personen (max.) - Je nach Saison zwischen 200 bis 320 Euro die Nacht. Bitte beachten Sie den Mindestaufenthalt, der je nach Saisonzeit variieren kann. (Nebensaison ab mindestens 3 \u00dcbernachtungen, Hauptsaison ab mindestens\u00a0 4\/5 \u00dcbernachtungen)<\/p>\n<p>Haustiere sind aufgrund der Allergikerfreundlichkeit nicht erlaubt.<\/p>\n<p>F\u00fcr Fragen zu <strong>Belegung, Preisen &amp; variierenden, au\u00dfergew\u00f6hnlichen Angeboten<\/strong> rufen Sie uns gerne unter der<strong> 03836 2316012<\/strong> an oder senden Sie eine Mail an <strong>buchung@naturhafen.de<\/strong> Angef\u00fchrt finden Sie die jeweiligen Belegungskalender der Suiten.<\/p>\n\t<\/div>\n<\/div>\t\t<\/div>\n\t<\/div>\n<\/div><\/div>\n\n<div class=\"fw-row\">\n\t<div id=\"column-69da4193693b7\" class=\"fw-col-sm-12 fw-col-md-4 tf-sh-c2a01b28386bf380ae82d1fc50891940  fw-animated-element\" data-animation-type=\"fadeInLeft\" data-animation-delay=\"300\">\n\t<div class=\"fw-wrap-col-inner clearfix  \"   >\n\t\t\t\t<div class=\"fw-col-inner\">\n\t\t\t<div class=\"fw-heading fw-heading-center  fw-heading-with-subtitle tf-sh-017e422f7ec92e134e28f59db4ebdf18\" >\n\t\t\t<h5 class=\"fw-special-title\">Sauna Suite<\/h5>\n\t\n\t\n\t\t\t<div class=\"fw-special-subtitle\">III<\/div>\n\t<\/div>\t<div class=\"fw-imagebox clearfix fw-imagebox-1 tf-sh-42e61fe5de82015246808491dafd92fd text-left   \"  style=\"\">\n\t\t\t\t\t\t\t\t\t\t<div class=\"fw-block-image-parent  \" style=\"width: 100%;\">\n\t\t\t\t\t\t\t\t\t<div class=\"fw-block-image-child fw-ratio-16-9 fw-ratio-container\">\n\t\t\t\t\t\t<noscript itemscope itemtype=\"https:\/\/schema.org\/ImageObject\" itemprop=\"image\"><img decoding=\"async\" src=\"https:\/\/schwimmendesuiten.de\/wp-content\/uploads\/2018\/03\/Sauna-Suite-Au\u00dfenaufnahme.jpg\"  alt=\"Sauna Suite &#8211; Au\u00dfenaufnahme\" data-maxdpr=\"1.7\" class=\"lazyload\" \/><meta itemprop=\"url\" content=\"https:\/\/schwimmendesuiten.de\/wp-content\/uploads\/2018\/03\/Sauna-Suite-Au\u00dfenaufnahme.jpg\"><meta itemprop=\"width\" content=\"5000\"><meta itemprop=\"height\" content=\"3335\"><\/noscript><img decoding=\"async\" src=\"data:image\/gif;base64,R0lGODlhAQABAIAAAAAAAP\/\/\/yH5BAEAAAAALAAAAAABAAEAAAIBRAA7\" data-sizes=\"auto\" data-srcset=\"https:\/\/schwimmendesuiten.de\/wp-content\/uploads\/2018\/03\/Sauna-Suite-Au\u00dfenaufnahme-1920x1080.jpg 1920w, https:\/\/schwimmendesuiten.de\/wp-content\/uploads\/2018\/03\/Sauna-Suite-Au\u00dfenaufnahme-1228x691.jpg 1228w, https:\/\/schwimmendesuiten.de\/wp-content\/uploads\/2018\/03\/Sauna-Suite-Au\u00dfenaufnahme-614x346.jpg 614w, https:\/\/schwimmendesuiten.de\/wp-content\/uploads\/2018\/03\/Sauna-Suite-Au\u00dfenaufnahme-295x166.jpg 295w, https:\/\/schwimmendesuiten.de\/wp-content\/uploads\/2018\/03\/Sauna-Suite-Au\u00dfenaufnahme-590x332.jpg 590w\"   alt=\"Sauna Suite &#8211; Au\u00dfenaufnahme\" data-maxdpr=\"1.7\" class=\"lazyload\" \/>\t\t\t\t\t<\/div>\n\t\t\t\t\t\t\t<\/div>\n\t\t\n\t<div class=\"fw-imagebox-aside\" style=\"\">\n\t\t\n\t\t\n\t\t\t<\/div>\n\t<\/div>\n<div class=\"text-center\">\t<a href=\"https:\/\/naturhafen.de\/buchungsseite-schwimmende-suite-iii\/\" target=\"_blank\" class=\"fw-btn tf-sh-48f1c33729235b2fb80228f402ed3ae8  fw-btn-md   fw-btn-3\"  style=\"\">\n\t\t<span >\n\t\t\tJETZT BUCHEN\t\t<\/span>\n\t<\/a>\n<\/div><div class=\"fw-divider-space  fw-custom-space  clearfix\" style=\"height:10px;\" ><\/div><div class=\"fw-divider-space  fw-custom-space  clearfix\" style=\"height:0px;\" ><\/div>\t\t<\/div>\n\t<\/div>\n<\/div><div id=\"column-69da419369c73\" class=\"fw-col-sm-12 fw-col-md-4 tf-sh-3450cea293b71b21f017e8ee6b7d0526  fw-animated-element\" data-animation-type=\"fadeInLeft\" data-animation-delay=\"300\">\n\t<div class=\"fw-wrap-col-inner clearfix  \"   >\n\t\t\t\t<div class=\"fw-col-inner\">\n\t\t\t<div class=\"fw-heading fw-heading-center  fw-heading-with-subtitle tf-sh-24d60fa9b5f535e77a190eecfbe6db41\" >\n\t\t\t<h5 class=\"fw-special-title\">Sauna Suite<\/h5>\n\t\n\t\n\t\t\t<div class=\"fw-special-subtitle\">IV<\/div>\n\t<\/div>\t<div class=\"fw-imagebox clearfix fw-imagebox-1 tf-sh-f7832acdc20a6056b713b2533611360d text-left   \"  style=\"\">\n\t\t\t\t\t\t\t\t\t\t<div class=\"fw-block-image-parent  \" style=\"width: 100%;\">\n\t\t\t\t\t\t\t\t\t<div class=\"fw-block-image-child fw-ratio-16-9 fw-ratio-container\">\n\t\t\t\t\t\t<noscript itemscope itemtype=\"https:\/\/schema.org\/ImageObject\" itemprop=\"image\"><img decoding=\"async\" src=\"https:\/\/schwimmendesuiten.de\/wp-content\/uploads\/2017\/02\/Sauna-Suite-Spa-Bereich.jpg\"  alt=\"Sauna Suite &#8211; Spa-Bereich\" data-maxdpr=\"1.7\" class=\"lazyload\" \/><meta itemprop=\"url\" content=\"https:\/\/schwimmendesuiten.de\/wp-content\/uploads\/2017\/02\/Sauna-Suite-Spa-Bereich.jpg\"><meta itemprop=\"width\" content=\"5000\"><meta itemprop=\"height\" content=\"3335\"><\/noscript><img decoding=\"async\" src=\"data:image\/gif;base64,R0lGODlhAQABAIAAAAAAAP\/\/\/yH5BAEAAAAALAAAAAABAAEAAAIBRAA7\" data-sizes=\"auto\" data-srcset=\"https:\/\/schwimmendesuiten.de\/wp-content\/uploads\/2017\/02\/Sauna-Suite-Spa-Bereich-1920x1080.jpg 1920w, https:\/\/schwimmendesuiten.de\/wp-content\/uploads\/2017\/02\/Sauna-Suite-Spa-Bereich-1228x691.jpg 1228w, https:\/\/schwimmendesuiten.de\/wp-content\/uploads\/2017\/02\/Sauna-Suite-Spa-Bereich-614x346.jpg 614w, https:\/\/schwimmendesuiten.de\/wp-content\/uploads\/2017\/02\/Sauna-Suite-Spa-Bereich-295x166.jpg 295w, https:\/\/schwimmendesuiten.de\/wp-content\/uploads\/2017\/02\/Sauna-Suite-Spa-Bereich-590x332.jpg 590w\"   alt=\"Sauna Suite &#8211; Spa-Bereich\" data-maxdpr=\"1.7\" class=\"lazyload\" \/>\t\t\t\t\t<\/div>\n\t\t\t\t\t\t\t<\/div>\n\t\t\n\t<div class=\"fw-imagebox-aside\" style=\"\">\n\t\t\n\t\t\n\t\t\t<\/div>\n\t<\/div>\n<div class=\"text-center\">\t<a href=\"https:\/\/naturhafen.de\/buchungsseite-schwimmende-suite-iv\/\" target=\"_blank\" class=\"fw-btn tf-sh-97b5d4cd50aad070dd72f980339adfbe  fw-btn-md   fw-btn-3\"  style=\"\">\n\t\t<span >\n\t\t\tJETZT BUCHEN\t\t<\/span>\n\t<\/a>\n<\/div><div class=\"fw-divider-space  fw-custom-space  clearfix\" style=\"height:10px;\" ><\/div><div class=\"fw-divider-space  fw-custom-space  clearfix\" style=\"height:40px;\" ><\/div>\t\t<\/div>\n\t<\/div>\n<\/div><div id=\"column-69da41936a516\" class=\"fw-col-sm-12 fw-col-md-4 tf-sh-a0ba8b6341cc1b7d8cbd2f95e49c32a3  fw-animated-element\" data-animation-type=\"fadeInLeft\" data-animation-delay=\"300\">\n\t<div class=\"fw-wrap-col-inner clearfix  \"   >\n\t\t\t\t<div class=\"fw-col-inner\">\n\t\t\t<div class=\"fw-heading fw-heading-center  fw-heading-with-subtitle tf-sh-0ed5863bcf8dca673c67acd33788d858\" >\n\t\t\t<h5 class=\"fw-special-title\">Schwimmende Suite<\/h5>\n\t\n\t\n\t\t\t<div class=\"fw-special-subtitle\">V<\/div>\n\t<\/div>\t<div class=\"fw-imagebox clearfix fw-imagebox-1 tf-sh-42dfc0201c25363f9e1a4985ebe80e1b text-left   \"  style=\"\">\n\t\t\t\t\t\t\t\t\t\t<div class=\"fw-block-image-parent  \" style=\"width: 100%;\">\n\t\t\t\t\t\t\t\t\t<div class=\"fw-block-image-child fw-ratio-16-9 fw-ratio-container\">\n\t\t\t\t\t\t<noscript itemscope itemtype=\"https:\/\/schema.org\/ImageObject\" itemprop=\"image\"><img decoding=\"async\" src=\"https:\/\/schwimmendesuiten.de\/wp-content\/uploads\/2018\/03\/Kamin-Suite-Aussenaufnahme.jpg\"  alt=\"Kamin Suite &#8211; Aussenaufnahme\" data-maxdpr=\"1.7\" class=\"lazyload\" \/><meta itemprop=\"url\" content=\"https:\/\/schwimmendesuiten.de\/wp-content\/uploads\/2018\/03\/Kamin-Suite-Aussenaufnahme.jpg\"><meta itemprop=\"width\" content=\"5000\"><meta itemprop=\"height\" content=\"3335\"><\/noscript><img decoding=\"async\" src=\"data:image\/gif;base64,R0lGODlhAQABAIAAAAAAAP\/\/\/yH5BAEAAAAALAAAAAABAAEAAAIBRAA7\" data-sizes=\"auto\" data-srcset=\"https:\/\/schwimmendesuiten.de\/wp-content\/uploads\/2018\/03\/Kamin-Suite-Aussenaufnahme-1920x1080.jpg 1920w, https:\/\/schwimmendesuiten.de\/wp-content\/uploads\/2018\/03\/Kamin-Suite-Aussenaufnahme-1228x691.jpg 1228w, https:\/\/schwimmendesuiten.de\/wp-content\/uploads\/2018\/03\/Kamin-Suite-Aussenaufnahme-614x346.jpg 614w, https:\/\/schwimmendesuiten.de\/wp-content\/uploads\/2018\/03\/Kamin-Suite-Aussenaufnahme-295x166.jpg 295w, https:\/\/schwimmendesuiten.de\/wp-content\/uploads\/2018\/03\/Kamin-Suite-Aussenaufnahme-590x332.jpg 590w\"   alt=\"Kamin Suite &#8211; Aussenaufnahme\" data-maxdpr=\"1.7\" class=\"lazyload\" \/>\t\t\t\t\t<\/div>\n\t\t\t\t\t\t\t<\/div>\n\t\t\n\t<div class=\"fw-imagebox-aside\" style=\"\">\n\t\t\n\t\t\n\t\t\t<\/div>\n\t<\/div>\n<div class=\"text-center\">\t<a href=\"https:\/\/naturhafen.de\/buchungsseite-schwimmende-suite-v\/\" target=\"_blank\" class=\"fw-btn tf-sh-a697a77384e0218f8db1dcc0b01e9a81  fw-btn-md   fw-btn-3\"  style=\"\">\n\t\t<span >\n\t\t\tJETZT BUCHEN\t\t<\/span>\n\t<\/a>\n<\/div><div class=\"fw-divider-space  fw-custom-space  clearfix\" style=\"height:10px;\" ><\/div><div class=\"fw-divider-space  fw-custom-space  clearfix\" style=\"height:40px;\" ><\/div>\t\t<\/div>\n\t<\/div>\n<\/div><\/div>\n\n<div class=\"fw-row\">\n\t<div id=\"column-69da41936ae0a\" class=\"fw-col-sm-12 fw-col-md-4 tf-sh-8719e449cde5305e83bc61b8ccb15e32  fw-animated-element\" data-animation-type=\"fadeInLeft\" data-animation-delay=\"300\">\n\t<div class=\"fw-wrap-col-inner clearfix  \"   >\n\t\t\t\t<div class=\"fw-col-inner\">\n\t\t\t<div class=\"fw-heading fw-heading-center  fw-heading-with-subtitle tf-sh-ffb5b3b08e0284e3e08f5bbd5eefdd21\" >\n\t\t\t<h5 class=\"fw-special-title\">Kamin Suite<\/h5>\n\t\n\t\n\t\t\t<div class=\"fw-special-subtitle\">VI<\/div>\n\t<\/div>\t<div class=\"fw-imagebox clearfix fw-imagebox-1 tf-sh-7e82640b88eab4cc2a9ab9d1aaec91a3 text-left   \"  style=\"\">\n\t\t\t\t\t\t\t\t\t\t<div class=\"fw-block-image-parent  \" style=\"width: 100%;\">\n\t\t\t\t\t\t\t\t\t<div class=\"fw-block-image-child fw-ratio-16-9 fw-ratio-container\">\n\t\t\t\t\t\t<noscript itemscope itemtype=\"https:\/\/schema.org\/ImageObject\" itemprop=\"image\"><img decoding=\"async\" src=\"https:\/\/schwimmendesuiten.de\/wp-content\/uploads\/2018\/03\/Kamin-Suite-Aussenaufnahme.jpg\"  alt=\"Kamin Suite &#8211; Aussenaufnahme\" data-maxdpr=\"1.7\" class=\"lazyload\" \/><meta itemprop=\"url\" content=\"https:\/\/schwimmendesuiten.de\/wp-content\/uploads\/2018\/03\/Kamin-Suite-Aussenaufnahme.jpg\"><meta itemprop=\"width\" content=\"5000\"><meta itemprop=\"height\" content=\"3335\"><\/noscript><img decoding=\"async\" src=\"data:image\/gif;base64,R0lGODlhAQABAIAAAAAAAP\/\/\/yH5BAEAAAAALAAAAAABAAEAAAIBRAA7\" data-sizes=\"auto\" data-srcset=\"https:\/\/schwimmendesuiten.de\/wp-content\/uploads\/2018\/03\/Kamin-Suite-Aussenaufnahme-1920x1080.jpg 1920w, https:\/\/schwimmendesuiten.de\/wp-content\/uploads\/2018\/03\/Kamin-Suite-Aussenaufnahme-1228x691.jpg 1228w, https:\/\/schwimmendesuiten.de\/wp-content\/uploads\/2018\/03\/Kamin-Suite-Aussenaufnahme-614x346.jpg 614w, https:\/\/schwimmendesuiten.de\/wp-content\/uploads\/2018\/03\/Kamin-Suite-Aussenaufnahme-295x166.jpg 295w, https:\/\/schwimmendesuiten.de\/wp-content\/uploads\/2018\/03\/Kamin-Suite-Aussenaufnahme-590x332.jpg 590w\"   alt=\"Kamin Suite &#8211; Aussenaufnahme\" data-maxdpr=\"1.7\" class=\"lazyload\" \/>\t\t\t\t\t<\/div>\n\t\t\t\t\t\t\t<\/div>\n\t\t\n\t<div class=\"fw-imagebox-aside\" style=\"\">\n\t\t\n\t\t\n\t\t\t<\/div>\n\t<\/div>\n<div class=\"text-center\">\t<a href=\"https:\/\/naturhafen.de\/buchungsseite-schwimmende-suite-vi\/\" target=\"_blank\" class=\"fw-btn tf-sh-374e7ea8169739513bcc6c0d59808253  fw-btn-md   fw-btn-3\"  style=\"\">\n\t\t<span >\n\t\t\tJETZT BUCHEN\t\t<\/span>\n\t<\/a>\n<\/div><div class=\"fw-divider-space  fw-custom-space  clearfix\" style=\"height:10px;\" ><\/div><div class=\"fw-divider-space  fw-custom-space  clearfix\" style=\"height:40px;\" ><\/div>\t\t<\/div>\n\t<\/div>\n<\/div><\/div>\n\n\t<\/div>\n\t<\/section><section   class=\"fw-main-row  auto  fw-section-position-back\"    >\n\t\t\t<div class=\"fw-container\" >\n\t\t<div class=\"fw-row\">\n\t<div id=\"column-69da41936b480\" class=\"fw-col-sm-4 tf-sh-ec4c94c58107cce09294850a8b242106\" >\n\t<div class=\"fw-wrap-col-inner clearfix  \"   >\n\t\t\t\t<div class=\"fw-col-inner\">\n\t\t\t\t\t<\/div>\n\t<\/div>\n<\/div><\/div>\n\n\t<\/div>\n\t<\/section><\/p>\n","protected":false},"excerpt":{"rendered":"<p>Die gro\u00dfe Freiheit \u00dcbernachtungserlebnis auf dem Wasser \u00a0 Einzigartiges Naturerlebnis \u00a0 \u00a0 Belegung &amp; Preise: Belegung: 2 Personen (max.) &#8211; Je nach Saison zwischen 200 bis 320 Euro die Nacht. Bitte beachten Sie den Mindestaufenthalt, der je nach Saisonzeit variieren kann. (Nebensaison ab mindestens 3 \u00dcbernachtungen, Hauptsaison ab mindestens\u00a0 4\/5 \u00dcbernachtungen) Haustiere sind aufgrund der [&hellip;]<\/p>\n","protected":false},"author":1,"featured_media":0,"parent":0,"menu_order":0,"comment_status":"closed","ping_status":"closed","template":"brizy-blank-template.php","meta":{"footnotes":""},"class_list":["post-9","page","type-page","status-publish","hentry"],"_links":{"self":[{"href":"https:\/\/schwimmendesuiten.de\/index.php?rest_route=\/wp\/v2\/pages\/9","targetHints":{"allow":["GET"]}}],"collection":[{"href":"https:\/\/schwimmendesuiten.de\/index.php?rest_route=\/wp\/v2\/pages"}],"about":[{"href":"https:\/\/schwimmendesuiten.de\/index.php?rest_route=\/wp\/v2\/types\/page"}],"author":[{"embeddable":true,"href":"https:\/\/schwimmendesuiten.de\/index.php?rest_route=\/wp\/v2\/users\/1"}],"replies":[{"embeddable":true,"href":"https:\/\/schwimmendesuiten.de\/index.php?rest_route=%2Fwp%2Fv2%2Fcomments&post=9"}],"version-history":[{"count":30,"href":"https:\/\/schwimmendesuiten.de\/index.php?rest_route=\/wp\/v2\/pages\/9\/revisions"}],"predecessor-version":[{"id":1110,"href":"https:\/\/schwimmendesuiten.de\/index.php?rest_route=\/wp\/v2\/pages\/9\/revisions\/1110"}],"wp:attachment":[{"href":"https:\/\/schwimmendesuiten.de\/index.php?rest_route=%2Fwp%2Fv2%2Fmedia&parent=9"}],"curies":[{"name":"wp","href":"https:\/\/api.w.org\/{rel}","templated":true}]}}